{"id":681,"date":"2021-04-09T23:55:06","date_gmt":"2021-04-09T21:55:06","guid":{"rendered":"https:\/\/artigiani.srl\/?page_id=681"},"modified":"2021-07-02T12:23:34","modified_gmt":"2021-07-02T10:23:34","slug":"bonus-fiscali","status":"publish","type":"page","link":"https:\/\/artigiani.srl\/?page_id=681","title":{"rendered":"Bonus Fiscali"},"content":{"rendered":"\n<p>Sono molte le agevolazioni che lo Stato concede a coloro che effettuano interventi di ristrutturazione edilizia, restauro e conservazione e messa in sicurezza dell\u2019immobile.<\/p>\n\n\n\n<p>Anche nel 2021 i contribuenti possono, quindi, beneficiare del&nbsp;<strong><a href=\"https:\/\/fiscomania.com\/bonus-ristrutturazioni-guida\/\">bonus ristrutturazioni<\/a><\/strong>, che \u00e8 di sicuro tra i pi\u00f9 apprezzati, cos\u00ec come l\u2019<strong><a href=\"https:\/\/fiscomania.com\/ecobonus-del-110\/\">ecobonus <\/a><\/strong>ed il sismabonu<strong>s<\/strong>, per la riqualificazione energetica e la riduzione del rischio sismico.<\/p>\n\n\n\n<p>Sono stati prorogati anche il<a href=\"https:\/\/fiscomania.com\/bonus-mobili-2021-2\/\">&nbsp;<strong>bonus mobili<\/strong>&nbsp;<\/a>per l\u2019acquisto di<strong><a href=\"https:\/\/fiscomania.com\/bonus-mobili-e-elettrodomestici-2021\/\"> arredi ed elettrodomestici<\/a><\/strong>, il&nbsp;<strong><a href=\"https:\/\/fiscomania.com\/bonus-verde-2021\/\">bonus verde<\/a><\/strong>&nbsp;per sistemare giardini e terrazzi ed il <strong><a href=\"https:\/\/fiscomania.com\/bonus-facciate-2021\/\">bonus facciate<\/a><\/strong>.<\/p>\n\n\n\n<p class=\"has-large-font-size\"><strong><span style=\"text-decoration: underline;\">Come funzionano le agevolazioni fiscali?<\/span><\/strong><\/p>\n\n\n\n<p>I bonus fiscali si applicano in sede di dichiarazione dei redditi sotto forma di&nbsp;<strong>detrazione IRPEF <\/strong>, calcolata su un tetto massimo di spesa, definito dalla legge per ogni singolo bonus, per singola unit\u00e0 immobiliare e riconosciuta in dieci rate a credito annuali di pari importo. Per usufruire di tali agevolazioni \u00e8 necessario possedere dei requisiti definiti dalla normativa vigente. Vieni a trovarci, analizzeremo la tua posizione!<\/p>\n\n\n\n<p class=\"has-large-font-size\"><strong><span style=\"text-decoration: underline;\">Che cos&#8217;\u00e8 lo sconto in fattura?<\/span><\/strong><\/p>\n\n\n\n<p class=\"has-text-align-left\">La Artigiani srls opera anche con lo sconto in fattura. Ma cos&#8217;\u00e8 questo particolare strumento che lo Stato concede ad imprese e clienti? Andiamo con ordine. Come abbiamo detto in precedenza i bonus statali si applicano in detrazione IRPEF, in sede di dichiarazione dei redditi, suddivisi in pari quote per dieci anni. Pu\u00f2 accadere che il cliente non abbia un ammontare di IRPEF tale da poter detrarre l&#8217;intero importo delle quote decennali, o semplicemente preferisce non avere questo credito per dieci anni. A questo punto entra in gioco la ditta Artigiani che tramite la cosiddetta &#8220;Cessione del Credito&#8221; prende in carico la totalit\u00e0 delle somme che ti spettano in detrazione e te le <em><strong><span style=\"text-decoration: underline;\">sconta direttamente in fattura!!<\/span><\/strong> <\/em>Ti presenteremo fatture con l&#8217;importo dei lavori <strong><em>meno <\/em><\/strong>l&#8217;importo del bonus in tuo possesso. <\/p>\n\n\n\n<p class=\"has-text-align-left\"><strong><span style=\"color:#e9111b\" class=\"has-inline-color\">APPROFITTANE!!<\/span><\/strong> Passa da noi per maggiori dettagli.<\/p>\n","protected":false},"excerpt":{"rendered":"<p>Sono molte le agevolazioni che lo Stato concede a coloro che effettuano interventi di ristrutturazione edilizia, restauro e conservazione e messa in sicurezza dell\u2019immobile. Anche &hellip;<\/p>\n","protected":false},"author":1,"featured_media":0,"parent":0,"menu_order":0,"comment_status":"closed","ping_status":"closed","template":"","meta":{"_uag_custom_page_level_css":"","ngg_post_thumbnail":0,"jetpack_post_was_ever_published":false,"_joinchat":[],"footnotes":""},"class_list":["post-681","page","type-page","status-publish","hentry"],"yoast_head":"<!-- This site is optimized with the Yoast SEO plugin v27.4 - https:\/\/yoast.com\/product\/yoast-seo-wordpress\/ -->\n<title>Bonus Fiscali<\/title>\n<meta name=\"description\" content=\"Bonus fiscali della casa con cessione del credito e sconto in fattura - Artigiani s.r.l.s. - Costruzioni e Ristrutturazioni. Via Mons. Tarciso Pisani, 1 - 70029 Santeramo in Colle (BA) - ITALY.\" \/>\n<meta name=\"robots\" content=\"index, follow, max-snippet:-1, max-image-preview:large, max-video-preview:-1\" \/>\n<link rel=\"canonical\" href=\"https:\/\/artigiani.srl\/?page_id=681\" \/>\n<meta property=\"og:locale\" content=\"it_IT\" \/>\n<meta property=\"og:type\" content=\"article\" \/>\n<meta property=\"og:title\" content=\"Bonus Fiscali\" \/>\n<meta property=\"og:description\" content=\"Bonus fiscali della casa con cessione del credito e sconto in fattura - Artigiani s.r.l.s. - Costruzioni e Ristrutturazioni. Via Mons. Tarciso Pisani, 1 - 70029 Santeramo in Colle (BA) - ITALY.\" \/>\n<meta property=\"og:url\" content=\"https:\/\/artigiani.srl\/?page_id=681\" \/>\n<meta property=\"og:site_name\" content=\"Artigiani srl\" \/>\n<meta property=\"article:publisher\" content=\"https:\/\/www.facebook.com\/artigianisrls\/\" \/>\n<meta property=\"article:modified_time\" content=\"2021-07-02T10:23:34+00:00\" \/>\n<meta name=\"twitter:card\" content=\"summary_large_image\" \/>\n<meta name=\"twitter:label1\" content=\"Tempo di lettura stimato\" \/>\n\t<meta name=\"twitter:data1\" content=\"2 minuti\" \/>\n<script type=\"application\/ld+json\" class=\"yoast-schema-graph\">{\"@context\":\"https:\\\/\\\/schema.org\",\"@graph\":[{\"@type\":\"WebPage\",\"@id\":\"https:\\\/\\\/artigiani.srl\\\/?page_id=681\",\"url\":\"https:\\\/\\\/artigiani.srl\\\/?page_id=681\",\"name\":\"Bonus Fiscali\",\"isPartOf\":{\"@id\":\"https:\\\/\\\/artigiani.srl\\\/#website\"},\"datePublished\":\"2021-04-09T21:55:06+00:00\",\"dateModified\":\"2021-07-02T10:23:34+00:00\",\"description\":\"Bonus fiscali della casa con cessione del credito e sconto in fattura - Artigiani s.r.l.s. - Costruzioni e Ristrutturazioni. Via Mons. Tarciso Pisani, 1 - 70029 Santeramo in Colle (BA) - ITALY.\",\"breadcrumb\":{\"@id\":\"https:\\\/\\\/artigiani.srl\\\/?page_id=681#breadcrumb\"},\"inLanguage\":\"it-IT\",\"potentialAction\":[{\"@type\":\"ReadAction\",\"target\":[\"https:\\\/\\\/artigiani.srl\\\/?page_id=681\"]}]},{\"@type\":\"BreadcrumbList\",\"@id\":\"https:\\\/\\\/artigiani.srl\\\/?page_id=681#breadcrumb\",\"itemListElement\":[{\"@type\":\"ListItem\",\"position\":1,\"name\":\"Home\",\"item\":\"https:\\\/\\\/artigiani.srl\\\/\"},{\"@type\":\"ListItem\",\"position\":2,\"name\":\"Bonus Fiscali\"}]},{\"@type\":\"WebSite\",\"@id\":\"https:\\\/\\\/artigiani.srl\\\/#website\",\"url\":\"https:\\\/\\\/artigiani.srl\\\/\",\"name\":\"Artigiani srl\",\"description\":\"Maestri nell&#039;ediliza, costruzioni, ristrutturazioni, impiantistica\",\"publisher\":{\"@id\":\"https:\\\/\\\/artigiani.srl\\\/#organization\"},\"potentialAction\":[{\"@type\":\"SearchAction\",\"target\":{\"@type\":\"EntryPoint\",\"urlTemplate\":\"https:\\\/\\\/artigiani.srl\\\/?s={search_term_string}\"},\"query-input\":{\"@type\":\"PropertyValueSpecification\",\"valueRequired\":true,\"valueName\":\"search_term_string\"}}],\"inLanguage\":\"it-IT\"},{\"@type\":\"Organization\",\"@id\":\"https:\\\/\\\/artigiani.srl\\\/#organization\",\"name\":\"Artigiani srls\",\"url\":\"https:\\\/\\\/artigiani.srl\\\/\",\"logo\":{\"@type\":\"ImageObject\",\"inLanguage\":\"it-IT\",\"@id\":\"https:\\\/\\\/artigiani.srl\\\/#\\\/schema\\\/logo\\\/image\\\/\",\"url\":\"https:\\\/\\\/i0.wp.com\\\/artigiani.srl\\\/wp-content\\\/uploads\\\/2021\\\/04\\\/Marchio2021-500x480.png?fit=500%2C434&ssl=1\",\"contentUrl\":\"https:\\\/\\\/i0.wp.com\\\/artigiani.srl\\\/wp-content\\\/uploads\\\/2021\\\/04\\\/Marchio2021-500x480.png?fit=500%2C434&ssl=1\",\"width\":500,\"height\":434,\"caption\":\"Artigiani srls\"},\"image\":{\"@id\":\"https:\\\/\\\/artigiani.srl\\\/#\\\/schema\\\/logo\\\/image\\\/\"},\"sameAs\":[\"https:\\\/\\\/www.facebook.com\\\/artigianisrls\\\/\"]}]}<\/script>\n<!-- \/ Yoast SEO plugin. -->","yoast_head_json":{"title":"Bonus Fiscali","description":"Bonus fiscali della casa con cessione del credito e sconto in fattura - Artigiani s.r.l.s. - Costruzioni e Ristrutturazioni. Via Mons. Tarciso Pisani, 1 - 70029 Santeramo in Colle (BA) - ITALY.","robots":{"index":"index","follow":"follow","max-snippet":"max-snippet:-1","max-image-preview":"max-image-preview:large","max-video-preview":"max-video-preview:-1"},"canonical":"https:\/\/artigiani.srl\/?page_id=681","og_locale":"it_IT","og_type":"article","og_title":"Bonus Fiscali","og_description":"Bonus fiscali della casa con cessione del credito e sconto in fattura - Artigiani s.r.l.s. - Costruzioni e Ristrutturazioni. Via Mons. Tarciso Pisani, 1 - 70029 Santeramo in Colle (BA) - ITALY.","og_url":"https:\/\/artigiani.srl\/?page_id=681","og_site_name":"Artigiani srl","article_publisher":"https:\/\/www.facebook.com\/artigianisrls\/","article_modified_time":"2021-07-02T10:23:34+00:00","twitter_card":"summary_large_image","twitter_misc":{"Tempo di lettura stimato":"2 minuti"},"schema":{"@context":"https:\/\/schema.org","@graph":[{"@type":"WebPage","@id":"https:\/\/artigiani.srl\/?page_id=681","url":"https:\/\/artigiani.srl\/?page_id=681","name":"Bonus Fiscali","isPartOf":{"@id":"https:\/\/artigiani.srl\/#website"},"datePublished":"2021-04-09T21:55:06+00:00","dateModified":"2021-07-02T10:23:34+00:00","description":"Bonus fiscali della casa con cessione del credito e sconto in fattura - Artigiani s.r.l.s. - Costruzioni e Ristrutturazioni. Via Mons. Tarciso Pisani, 1 - 70029 Santeramo in Colle (BA) - ITALY.","breadcrumb":{"@id":"https:\/\/artigiani.srl\/?page_id=681#breadcrumb"},"inLanguage":"it-IT","potentialAction":[{"@type":"ReadAction","target":["https:\/\/artigiani.srl\/?page_id=681"]}]},{"@type":"BreadcrumbList","@id":"https:\/\/artigiani.srl\/?page_id=681#breadcrumb","itemListElement":[{"@type":"ListItem","position":1,"name":"Home","item":"https:\/\/artigiani.srl\/"},{"@type":"ListItem","position":2,"name":"Bonus Fiscali"}]},{"@type":"WebSite","@id":"https:\/\/artigiani.srl\/#website","url":"https:\/\/artigiani.srl\/","name":"Artigiani srl","description":"Maestri nell&#039;ediliza, costruzioni, ristrutturazioni, impiantistica","publisher":{"@id":"https:\/\/artigiani.srl\/#organization"},"potentialAction":[{"@type":"SearchAction","target":{"@type":"EntryPoint","urlTemplate":"https:\/\/artigiani.srl\/?s={search_term_string}"},"query-input":{"@type":"PropertyValueSpecification","valueRequired":true,"valueName":"search_term_string"}}],"inLanguage":"it-IT"},{"@type":"Organization","@id":"https:\/\/artigiani.srl\/#organization","name":"Artigiani srls","url":"https:\/\/artigiani.srl\/","logo":{"@type":"ImageObject","inLanguage":"it-IT","@id":"https:\/\/artigiani.srl\/#\/schema\/logo\/image\/","url":"https:\/\/i0.wp.com\/artigiani.srl\/wp-content\/uploads\/2021\/04\/Marchio2021-500x480.png?fit=500%2C434&ssl=1","contentUrl":"https:\/\/i0.wp.com\/artigiani.srl\/wp-content\/uploads\/2021\/04\/Marchio2021-500x480.png?fit=500%2C434&ssl=1","width":500,"height":434,"caption":"Artigiani srls"},"image":{"@id":"https:\/\/artigiani.srl\/#\/schema\/logo\/image\/"},"sameAs":["https:\/\/www.facebook.com\/artigianisrls\/"]}]}},"uagb_featured_image_src":{"full":false,"thumbnail":false,"medium":false,"medium_large":false,"large":false,"1536x1536":false,"2048x2048":false,"post-thumbnail":false,"bravada-featured":false,"bravada-featured-lp":false,"bravada-featured-half":false,"bravada-featured-third":false,"bravada-lpbox-1":false,"bravada-lpbox-2":false,"sow-carousel-default":false},"uagb_author_info":{"display_name":"Webmaster Artigiani.srl Massaro","author_link":"https:\/\/artigiani.srl\/?author=1"},"uagb_comment_info":0,"uagb_excerpt":"Sono molte le agevolazioni che lo Stato concede a coloro che effettuano interventi di ristrutturazione edilizia, restauro e conservazione e messa in sicurezza dell\u2019immobile. Anche &hellip;","jetpack_sharing_enabled":true,"jetpack_shortlink":"https:\/\/wp.me\/P9FWZO-aZ","_links":{"self":[{"href":"https:\/\/artigiani.srl\/index.php?rest_route=\/wp\/v2\/pages\/681","targetHints":{"allow":["GET"]}}],"collection":[{"href":"https:\/\/artigiani.srl\/index.php?rest_route=\/wp\/v2\/pages"}],"about":[{"href":"https:\/\/artigiani.srl\/index.php?rest_route=\/wp\/v2\/types\/page"}],"author":[{"embeddable":true,"href":"https:\/\/artigiani.srl\/index.php?rest_route=\/wp\/v2\/users\/1"}],"replies":[{"embeddable":true,"href":"https:\/\/artigiani.srl\/index.php?rest_route=%2Fwp%2Fv2%2Fcomments&post=681"}],"version-history":[{"count":6,"href":"https:\/\/artigiani.srl\/index.php?rest_route=\/wp\/v2\/pages\/681\/revisions"}],"predecessor-version":[{"id":767,"href":"https:\/\/artigiani.srl\/index.php?rest_route=\/wp\/v2\/pages\/681\/revisions\/767"}],"wp:attachment":[{"href":"https:\/\/artigiani.srl\/index.php?rest_route=%2Fwp%2Fv2%2Fmedia&parent=681"}],"curies":[{"name":"wp","href":"https:\/\/api.w.org\/{rel}","templated":true}]}}